{"id":3,"date":"2019-10-31T20:30:20","date_gmt":"2019-10-31T20:30:20","guid":{"rendered":"https:\/\/himmeli.net\/?page_id=3"},"modified":"2019-11-22T00:26:11","modified_gmt":"2019-11-21T22:26:11","slug":"privacy-policy","status":"publish","type":"page","link":"https:\/\/himmeli.net\/en\/privacy-policy\/","title":{"rendered":"Privacy Policy"},"content":{"rendered":"<p>[et_pb_section fb_built=&#8221;1&#8243; fullwidth=&#8221;on&#8221; _builder_version=&#8221;4.0.4&#8243;][et_pb_fullwidth_header title=&#8221;Privacy Policy&#8221; _builder_version=&#8221;4.0.4&#8243; title_font_size=&#8221;60px&#8221; subhead_text_align=&#8221;left&#8221; subhead_text_color=&#8221;#ffffff&#8221; background_color=&#8221;rgba(0,0,0,0)&#8221; use_background_color_gradient=&#8221;on&#8221; background_color_gradient_start=&#8221;#000000&#8243; background_color_gradient_end=&#8221;rgba(0,0,0,0.24)&#8221; background_color_gradient_direction=&#8221;120deg&#8221; background_color_gradient_overlays_image=&#8221;on&#8221; background_image=&#8221;https:\/\/himmeli.net\/wp-content\/uploads\/2019\/11\/himmeli-kit-family-1920&#215;1200.jpg&#8221; title_font_size_tablet=&#8221;&#8221; title_font_size_phone=&#8221;40px&#8221; title_font_size_last_edited=&#8221;on|phone&#8221; subhead_font_size_tablet=&#8221;&#8221; subhead_font_size_phone=&#8221;15px&#8221; subhead_font_size_last_edited=&#8221;on|desktop&#8221;][\/et_pb_fullwidth_header][\/et_pb_section][et_pb_section fb_built=&#8221;1&#8243; _builder_version=&#8221;4.0.4&#8243;][et_pb_row _builder_version=&#8221;4.0.4&#8243;][et_pb_column type=&#8221;4_4&#8243; _builder_version=&#8221;4.0.4&#8243;][et_pb_text _builder_version=&#8221;4.0.4&#8243;]<\/p>\n<p>We respect the privacy rights of our online visitors and protect the information collected about them. Privacy Policy guides how we collect, store, and use the information that you provide us with. The personal data controller of himmeli.net is Viiskanda O\u00dc (registry code 11501136) located at Muru farm, Ohtu village, L\u00e4\u00e4ne-Harju County, Estonia, phone +372 514 1416 and e-mail: urmasveersalu@gmail.com.<\/p>\n<p><strong>What personal data is being processed:<\/strong><br \/>name, phone number and email address;<br \/>delivery address;<br \/>bank account number;<br \/>cost of goods and services, and payment-related data (purchase history).<\/p>\n<p><strong>The purpose for which personal data are processed<\/strong><br \/>Personal information is used to manage customer orders and deliver goods.<br \/>Purchase history data (date of purchase, item, quantity, customer information) is used to compile an overview of the goods and services purchased and to analyze customer preferences.<br \/>The bank account number is used to refund payments to the customer.<br \/>Personal data such as e-mail, telephone number, customer name is processed to resolve issues related to the provision of goods and services (customer support).<br \/>The web store user IP address or other network identifiers are processed to provide the web store as an information society service and to generate web usage statistics.<\/p>\n<p><strong>Legal basis<\/strong><br \/>Personal data are processed for the purpose of executing the contract with the client.<br \/>The processing of personal data takes place in order to fulfill a legal obligation (accounting and settlement of consumer disputes).<br \/>Data processing is carried out with the customer&#8217;s consent for the following activities: profiling.<\/p>\n<p><strong>Recipients to whom personal data shall be transferred<\/strong><br \/>Personal information is passed to the online store customer support to manage purchases and purchase history, and to resolve customer issues.<br \/>Personal data necessary for making payments shall be forwarded to the authorized processor Maksekeskus AS.<br \/>In the case of goods delivered by courier, the name, telephone number and address of the customer shall be forwarded to the transport service provider.<br \/>If the online store is accounted for by a service provider, personal data will be transferred to the service provider for accounting purposes.<br \/>Personal information may be transferred to information technology service providers if this is necessary to ensure the functionality of the web store or data hosting.<\/p>\n<p><strong>Security and data access<\/strong><br \/>Personal data is stored on Zone servers located in the territory of a Member State of the European Union. Data may be transferred to countries that have been assessed by the European Commission as having an adequate level of data protection and to US companies that are affiliated with the Privacy Shield framework.<br \/>Access to personal information is available to online store staff who can access personal information to resolve technical issues related to the use of the online store and to provide customer support.<br \/>The Web Store implements appropriate physical, organizational and IT security measures to protect personal information from accidental or unlawful destruction, loss, alteration or unauthorized access and disclosure.<br \/>The transfer of personal data to authorized processors of the web store (eg transport service provider and data hosting) is subject to agreements with the web store and the authorized processors. Controllers are obliged to provide appropriate safeguards for the processing of personal data.<\/p>\n<p><strong>Withdrawal of consent<\/strong><br \/>If the processing of personal data is based on the customer&#8217;s consent, the customer has the right to withdraw the consent by notifying the customer support via e-mail.<\/p>\n<p><strong>Preservation<\/strong><br \/>Purchase history is kept for three years.<br \/>In the case of disputes relating to payments and consumer disputes, personal data shall be retained until the claim has been complied with or until the limitation period has expired.<br \/>The personal data necessary for accounting purposes shall be kept for seven years.<\/p>\n<p><strong>Deleting<\/strong><br \/>You must contact us by email to delete your personal information. The request for erasure shall be replied to within not more than one month and the period for erasure shall be specified.<\/p>\n<p><strong>Direct marketing messages<\/strong><br \/>The email address and phone number will be used to send direct marketing communications, subject to customer consent. If a customer does not wish to receive direct marketing notices, you must select the appropriate reference in the footer of the email or contact by email.<br \/>If personal data is processed for direct marketing purposes (profiling), the customer has the right to object at any time to the initial and further processing of their personal data, including profile analysis related to direct marketing, by notifying customer support via email (urmasveersalu@gmail.com).<\/p>\n<p><strong>Solving arguments<\/strong><br \/>Questions related to the processing of personal data are solved through customer support (phone +372 514 1416 and e-mail: urmasveersalu@gmail.com).<br \/>The supervisory authority is the Estonian Data Protection Inspectorate (info@aki.ee).<\/p>\n<p>[\/et_pb_text][\/et_pb_column][\/et_pb_row][\/et_pb_section]<\/p>\n","protected":false},"excerpt":{"rendered":"<p>We respect the privacy rights of our online visitors and protect the information collected about them. Privacy Policy guides how we collect, store, and use the information that you provide us with. The personal data controller of himmeli.net is Viiskanda O\u00dc (registry code 11501136) located at Muru farm, Ohtu village, L\u00e4\u00e4ne-Harju County, Estonia, phone +372 [&hellip;]<\/p>\n","protected":false},"author":2,"featured_media":0,"parent":0,"menu_order":0,"comment_status":"closed","ping_status":"open","template":"","meta":{"_et_pb_use_builder":"on","_et_pb_old_content":"<!-- wp:heading --><h2>Who we are<\/h2><!-- \/wp:heading --><!-- wp:paragraph --><p>Our website address is: https:\/\/himmeli.net.<\/p><!-- \/wp:paragraph --><!-- wp:heading --><h2>What personal data we collect and why we collect it<\/h2><!-- \/wp:heading --><!-- wp:heading {\"level\":3} --><h3>Comments<\/h3><!-- \/wp:heading --><!-- wp:paragraph --><p>When visitors leave comments on the site we collect the data shown in the comments form, and also the visitor\u2019s IP address and browser user agent string to help spam detection.<\/p><!-- \/wp:paragraph --><!-- wp:paragraph --><p>An anonymized string created from your email address (also called a hash) may be provided to the Gravatar service to see if you are using it. The Gravatar service privacy policy is available here: https:\/\/automattic.com\/privacy\/. After approval of your comment, your profile picture is visible to the public in the context of your comment.<\/p><!-- \/wp:paragraph --><!-- wp:heading {\"level\":3} --><h3>Media<\/h3><!-- \/wp:heading --><!-- wp:paragraph --><p>If you upload images to the website, you should avoid uploading images with embedded location data (EXIF GPS) included. Visitors to the website can download and extract any location data from images on the website.<\/p><!-- \/wp:paragraph --><!-- wp:heading {\"level\":3} --><h3>Contact forms<\/h3><!-- \/wp:heading --><!-- wp:heading {\"level\":3} --><h3>Cookies<\/h3><!-- \/wp:heading --><!-- wp:paragraph --><p>If you leave a comment on our site you may opt-in to saving your name, email address and website in cookies. These are for your convenience so that you do not have to fill in your details again when you leave another comment. These cookies will last for one year.<\/p><!-- \/wp:paragraph --><!-- wp:paragraph --><p>If you visit our login page, we will set a temporary cookie to determine if your browser accepts cookies. This cookie contains no personal data and is discarded when you close your browser.<\/p><!-- \/wp:paragraph --><!-- wp:paragraph --><p>When you log in, we will also set up several cookies to save your login information and your screen display choices. Login cookies last for two days, and screen options cookies last for a year. If you select \"Remember Me\", your login will persist for two weeks. If you log out of your account, the login cookies will be removed.<\/p><!-- \/wp:paragraph --><!-- wp:paragraph --><p>If you edit or publish an article, an additional cookie will be saved in your browser. This cookie includes no personal data and simply indicates the post ID of the article you just edited. It expires after 1 day.<\/p><!-- \/wp:paragraph --><!-- wp:heading {\"level\":3} --><h3>Embedded content from other websites<\/h3><!-- \/wp:heading --><!-- wp:paragraph --><p>Articles on this site may include embedded content (e.g. videos, images, articles, etc.). Embedded content from other websites behaves in the exact same way as if the visitor has visited the other website.<\/p><!-- \/wp:paragraph --><!-- wp:paragraph --><p>These websites may collect data about you, use cookies, embed additional third-party tracking, and monitor your interaction with that embedded content, including tracking your interaction with the embedded content if you have an account and are logged in to that website.<\/p><!-- \/wp:paragraph --><!-- wp:heading {\"level\":3} --><h3>Analytics<\/h3><!-- \/wp:heading --><!-- wp:heading --><h2>Who we share your data with<\/h2><!-- \/wp:heading --><!-- wp:heading --><h2>How long we retain your data<\/h2><!-- \/wp:heading --><!-- wp:paragraph --><p>If you leave a comment, the comment and its metadata are retained indefinitely. This is so we can recognize and approve any follow-up comments automatically instead of holding them in a moderation queue.<\/p><!-- \/wp:paragraph --><!-- wp:paragraph --><p>For users that register on our website (if any), we also store the personal information they provide in their user profile. All users can see, edit, or delete their personal information at any time (except they cannot change their username). Website administrators can also see and edit that information.<\/p><!-- \/wp:paragraph --><!-- wp:heading --><h2>What rights you have over your data<\/h2><!-- \/wp:heading --><!-- wp:paragraph --><p>If you have an account on this site, or have left comments, you can request to receive an exported file of the personal data we hold about you, including any data you have provided to us. You can also request that we erase any personal data we hold about you. This does not include any data we are obliged to keep for administrative, legal, or security purposes.<\/p><!-- \/wp:paragraph --><!-- wp:heading --><h2>Where we send your data<\/h2><!-- \/wp:heading --><!-- wp:paragraph --><p>Visitor comments may be checked through an automated spam detection service.<\/p><!-- \/wp:paragraph --><!-- wp:heading --><h2>Your contact information<\/h2><!-- \/wp:heading --><!-- wp:heading --><h2>Additional information<\/h2><!-- \/wp:heading --><!-- wp:heading {\"level\":3} --><h3>How we protect your data<\/h3><!-- \/wp:heading --><!-- wp:heading {\"level\":3} --><h3>What data breach procedures we have in place<\/h3><!-- \/wp:heading --><!-- wp:heading {\"level\":3} --><h3>What third parties we receive data from<\/h3><!-- \/wp:heading --><!-- wp:heading {\"level\":3} --><h3>What automated decision making and\/or profiling we do with user data<\/h3><!-- \/wp:heading --><!-- wp:heading {\"level\":3} --><h3>Industry regulatory disclosure requirements<\/h3><!-- \/wp:heading -->","_et_gb_content_width":"","footnotes":""},"class_list":["post-3","page","type-page","status-publish","hentry"],"aioseo_notices":[],"_links":{"self":[{"href":"https:\/\/himmeli.net\/en\/wp-json\/wp\/v2\/pages\/3","targetHints":{"allow":["GET"]}}],"collection":[{"href":"https:\/\/himmeli.net\/en\/wp-json\/wp\/v2\/pages"}],"about":[{"href":"https:\/\/himmeli.net\/en\/wp-json\/wp\/v2\/types\/page"}],"author":[{"embeddable":true,"href":"https:\/\/himmeli.net\/en\/wp-json\/wp\/v2\/users\/2"}],"replies":[{"embeddable":true,"href":"https:\/\/himmeli.net\/en\/wp-json\/wp\/v2\/comments?post=3"}],"version-history":[{"count":8,"href":"https:\/\/himmeli.net\/en\/wp-json\/wp\/v2\/pages\/3\/revisions"}],"predecessor-version":[{"id":2095,"href":"https:\/\/himmeli.net\/en\/wp-json\/wp\/v2\/pages\/3\/revisions\/2095"}],"wp:attachment":[{"href":"https:\/\/himmeli.net\/en\/wp-json\/wp\/v2\/media?parent=3"}],"curies":[{"name":"wp","href":"https:\/\/api.w.org\/{rel}","templated":true}]}}