{"id":2043,"date":"2019-10-28T20:30:20","date_gmt":"2019-10-28T20:30:20","guid":{"rendered":"https:\/\/himmeli.net\/about\/"},"modified":"2019-12-30T18:08:23","modified_gmt":"2019-12-30T16:08:23","slug":"tarina","status":"publish","type":"page","link":"https:\/\/himmeli.net\/fi\/tarina\/","title":{"rendered":"Tarina"},"content":{"rendered":"<p>[et_pb_section fb_built=&#8221;1&#8243; fullwidth=&#8221;on&#8221; _builder_version=&#8221;4.0.4&#8243;][et_pb_fullwidth_header title=&#8221;Tarina&#8221; subhead=&#8221;Rakkauteni perinteiseen muotoiluun ohjauksen avulla leikkaan ruokoa ja teen k\u00e4sity\u00f6sarjoja auttaakseni sinua luomaan iloista ja mielenkiintoista vapaa-aikaa.&#8221; _builder_version=&#8221;4.0.4&#8243; title_font_size=&#8221;60px&#8221; subhead_text_align=&#8221;left&#8221; subhead_text_color=&#8221;#ffffff&#8221; background_color=&#8221;rgba(0,0,0,0)&#8221; use_background_color_gradient=&#8221;on&#8221; background_color_gradient_start=&#8221;#000000&#8243; background_color_gradient_end=&#8221;rgba(0,0,0,0.24)&#8221; background_color_gradient_direction=&#8221;120deg&#8221; background_color_gradient_overlays_image=&#8221;on&#8221; background_image=&#8221;https:\/\/himmeli.net\/wp-content\/uploads\/2019\/11\/himmeli-kit-family-1920&#215;1200.jpg&#8221; title_font_size_tablet=&#8221;&#8221; title_font_size_phone=&#8221;40px&#8221; title_font_size_last_edited=&#8221;on|phone&#8221; subhead_font_size_tablet=&#8221;&#8221; subhead_font_size_phone=&#8221;15px&#8221; subhead_font_size_last_edited=&#8221;on|desktop&#8221;][\/et_pb_fullwidth_header][\/et_pb_section][et_pb_section fb_built=&#8221;1&#8243; admin_label=&#8221;About Us Section&#8221; _builder_version=&#8221;4.0.4&#8243; background_color=&#8221;#efe9e4&#8243; custom_padding=&#8221;90px||90px||false|false&#8221;][et_pb_row admin_label=&#8221;About Us Area&#8221; _builder_version=&#8221;3.25&#8243;][et_pb_column type=&#8221;4_4&#8243; _builder_version=&#8221;3.25&#8243; custom_padding=&#8221;|||&#8221; custom_padding__hover=&#8221;|||&#8221;][et_pb_text admin_label=&#8221;Title&#8221; _builder_version=&#8221;4.0.4&#8243; text_font=&#8221;||||||||&#8221; header_font=&#8221;||||||||&#8221; header_2_font=&#8221;Poppins|600|||||||&#8221; header_2_text_align=&#8221;center&#8221; header_2_font_size=&#8221;36px&#8221; header_2_line_height=&#8221;1.2em&#8221; max_width=&#8221;525px&#8221; module_alignment=&#8221;center&#8221; custom_margin=&#8221;||0px|&#8221;]<\/p>\n<h2>Himmelin k\u00e4sity\u00f6 vuodesta 2013<\/h2>\n<p>[\/et_pb_text][et_pb_divider divider_position=&#8221;center&#8221; divider_weight=&#8221;3px&#8221; _builder_version=&#8221;4.0.4&#8243; max_width=&#8221;50px&#8221; module_alignment=&#8221;center&#8221; custom_margin=&#8221;|||&#8221; animation_direction=&#8221;top&#8221;][\/et_pb_divider][et_pb_text _builder_version=&#8221;4.0.4&#8243; text_font=&#8221;Poppins||||||||&#8221; text_orientation=&#8221;center&#8221; max_width=&#8221;750px&#8221; module_alignment=&#8221;center&#8221; custom_margin=&#8221;|||&#8221; custom_padding=&#8221;|||&#8221;]<\/p>\n<p>Is\u00e4ni johti minut tekem\u00e4\u00e4n ruoko kruunuja. T\u00e4yt\u00e4 vapaa-aika merkityksellisill\u00e4 hetkill\u00e4, tajuta ja nauttia asioista. T\u00e4m\u00e4 oli alku halua luoda jotain erityist\u00e4 ja jakaa se muille kiinnostuneille.<\/p>\n<p>[\/et_pb_text][\/et_pb_column][\/et_pb_row][\/et_pb_section][et_pb_section fb_built=&#8221;1&#8243; custom_padding_last_edited=&#8221;on|desktop&#8221; admin_label=&#8221;Story Section&#8221; _builder_version=&#8221;4.0.4&#8243; background_color=&#8221;#efe9e4&#8243; background_color_gradient_direction=&#8221;0deg&#8221; custom_padding=&#8221;100px||0px|&#8221; custom_padding_tablet=&#8221;0px||||false|false&#8221; custom_padding_phone=&#8221;0px||||false|false&#8221; hover_enabled=&#8221;0&#8243;][et_pb_row column_structure=&#8221;1_2,1_2&#8243; use_custom_gutter=&#8221;on&#8221; gutter_width=&#8221;0&#8243; make_equal=&#8221;on&#8221; admin_label=&#8221;My Story &#8211; Desktop vaade&#8221; module_class=&#8221; et_pb_row_fullwidth&#8221; _builder_version=&#8221;4.0.4&#8243; background_color=&#8221;#1e1d1c&#8221; width=&#8221;100%&#8221; width_tablet=&#8221;100%&#8221; width_phone=&#8221;&#8221; width_last_edited=&#8221;on|desktop&#8221; max_width=&#8221;100%&#8221; max_width_tablet=&#8221;100%&#8221; max_width_phone=&#8221;&#8221; max_width_last_edited=&#8221;on|desktop&#8221; custom_padding=&#8221;0px||0px|&#8221; hover_enabled=&#8221;0&#8243; make_fullwidth=&#8221;on&#8221; disabled_on=&#8221;on|on|off&#8221;][et_pb_column type=&#8221;1_2&#8243; _builder_version=&#8221;3.25&#8243; custom_padding=&#8221;|||&#8221; custom_padding__hover=&#8221;|||&#8221;][et_pb_gallery gallery_ids=&#8221;1175,1173&#8243; fullwidth=&#8221;on&#8221; _builder_version=&#8221;4.0.4&#8243;][\/et_pb_gallery][\/et_pb_column][et_pb_column type=&#8221;1_2&#8243; _builder_version=&#8221;3.25&#8243; custom_padding=&#8221;5%|5%|5%|5%&#8221; custom_padding__hover=&#8221;|||&#8221;][et_pb_text admin_label=&#8221;Title&#8221; _builder_version=&#8221;4.0.4&#8243; text_font=&#8221;||||||||&#8221; header_font=&#8221;||||||||&#8221; header_2_font=&#8221;Poppins|600|||||||&#8221; header_2_font_size=&#8221;36px&#8221; header_2_line_height=&#8221;1.2em&#8221; background_layout=&#8221;dark&#8221; max_width=&#8221;750px&#8221; animation_direction=&#8221;left&#8221;]<\/p>\n<h2>Ensimm\u00e4inen himmeli<\/h2>\n<p>[\/et_pb_text][et_pb_divider divider_position=&#8221;center&#8221; divider_weight=&#8221;3px&#8221; _builder_version=&#8221;4.0.4&#8243; max_width=&#8221;50px&#8221;][\/et_pb_divider][et_pb_text _builder_version=&#8221;4.0.4&#8243; text_font=&#8221;Poppins||||||||&#8221; text_text_color=&#8221;rgba(255,255,255,0.7)&#8221; max_width=&#8221;750px&#8221; custom_margin=&#8221;25px|||&#8221; animation_direction=&#8221;left&#8221;]<\/p>\n<p>Tein ensimm\u00e4isen himmelin is\u00e4ni kanssa ja luultavasti olin 11-vuotias. Olen aina pit\u00e4nyt k\u00e4sity\u00f6n tekemisest\u00e4 ja muistan t\u00e4m\u00e4n hyv\u00e4n tunteen, kun valmisin toisen himmelin kruunun. Se ei ollut en\u00e4\u00e4 tyls\u00e4\u00e4 paperity\u00f6t\u00e4, mutta jotain merkityksellisemp\u00e4\u00e4 &#8230;<\/p>\n<p>Aika on kulunut, mutta himmelin kruunujen tekeminen liittyy silti laatuun. Vuonna 2013 osallistuin suunnittelukilpailuun \u201cTo the Virot of Estonia\u201d ja olin siell\u00e4 parhaiden joukossa. Siit\u00e4 l\u00e4htien olen leikannut enemm\u00e4n ruokoa muille kuin itselleni. Haluan tarjota muille t\u00e4m\u00e4n hienon tilaisuuden viett\u00e4\u00e4 vapaa-ajallaan yhdess\u00e4 tekem\u00e4ll\u00e4 h\u00e4nelle kruunuja!<\/p>\n<p>[\/et_pb_text][\/et_pb_column][\/et_pb_row][et_pb_row column_structure=&#8221;1_2,1_2&#8243; use_custom_gutter=&#8221;on&#8221; gutter_width=&#8221;0&#8243; make_equal=&#8221;on&#8221; admin_label=&#8221;My Story &#8211; Tablet ja Mobile vaade&#8221; module_class=&#8221; et_pb_row_fullwidth&#8221; _builder_version=&#8221;4.0.4&#8243; background_color=&#8221;#1e1d1c&#8221; width=&#8221;100%&#8221; width_tablet=&#8221;100%&#8221; width_phone=&#8221;&#8221; width_last_edited=&#8221;on|desktop&#8221; max_width=&#8221;100%&#8221; max_width_tablet=&#8221;100%&#8221; max_width_phone=&#8221;&#8221; max_width_last_edited=&#8221;on|desktop&#8221; custom_padding=&#8221;0px||0px|&#8221; hover_enabled=&#8221;0&#8243; make_fullwidth=&#8221;on&#8221; disabled_on=&#8221;off|off|on&#8221;][et_pb_column type=&#8221;1_2&#8243; _builder_version=&#8221;4.0.4&#8243; custom_padding=&#8221;5%|5%|5%|5%|false|false&#8221; hover_enabled=&#8221;0&#8243; custom_padding__hover=&#8221;|||&#8221;][et_pb_text admin_label=&#8221;Title&#8221; _builder_version=&#8221;4.0.4&#8243; text_font=&#8221;||||||||&#8221; header_font=&#8221;||||||||&#8221; header_2_font=&#8221;Poppins|600|||||||&#8221; header_2_font_size=&#8221;36px&#8221; header_2_line_height=&#8221;1.2em&#8221; background_layout=&#8221;dark&#8221; max_width=&#8221;750px&#8221; animation_direction=&#8221;left&#8221;]<\/p>\n<h2>Ensimm\u00e4inen himmeli<\/h2>\n<p>[\/et_pb_text][et_pb_divider divider_position=&#8221;center&#8221; divider_weight=&#8221;3px&#8221; _builder_version=&#8221;4.0.4&#8243; max_width=&#8221;50px&#8221;][\/et_pb_divider][et_pb_text _builder_version=&#8221;4.0.4&#8243; text_font=&#8221;Poppins||||||||&#8221; text_text_color=&#8221;rgba(255,255,255,0.7)&#8221; max_width=&#8221;750px&#8221; custom_margin=&#8221;25px|||&#8221; animation_direction=&#8221;left&#8221;]<\/p>\n<p>Tein ensimm\u00e4isen himmelin is\u00e4ni kanssa ja luultavasti olin 11-vuotias. Olen aina pit\u00e4nyt k\u00e4sity\u00f6n tekemisest\u00e4 ja muistan t\u00e4m\u00e4n hyv\u00e4n tunteen, kun valmisin toisen himmelin kruunun. Se ei ollut en\u00e4\u00e4 tyls\u00e4\u00e4 paperity\u00f6t\u00e4, mutta jotain merkityksellisemp\u00e4\u00e4 &#8230;<\/p>\n<p>Aika on kulunut, mutta himmelin kruunujen tekeminen liittyy silti laatuun. Vuonna 2013 osallistuin suunnittelukilpailuun \u201cTo the Virot of Estonia\u201d ja olin siell\u00e4 parhaiden joukossa. Siit\u00e4 l\u00e4htien olen leikannut enemm\u00e4n ruokoa muille kuin itselleni. Haluan tarjota muille t\u00e4m\u00e4n hienon tilaisuuden viett\u00e4\u00e4 vapaa-ajallaan yhdess\u00e4 tekem\u00e4ll\u00e4 h\u00e4nelle kruunuja!<\/p>\n<p>[\/et_pb_text][\/et_pb_column][et_pb_column type=&#8221;1_2&#8243; _builder_version=&#8221;4.0.4&#8243; custom_padding=&#8221;||||false|false&#8221; hover_enabled=&#8221;0&#8243; custom_padding__hover=&#8221;|||&#8221;][et_pb_gallery gallery_ids=&#8221;1175,1173&#8243; fullwidth=&#8221;on&#8221; _builder_version=&#8221;4.0.4&#8243;][\/et_pb_gallery][\/et_pb_column][\/et_pb_row][\/et_pb_section][et_pb_section fb_built=&#8221;1&#8243; admin_label=&#8221;What does himmeli mean&#8221; _builder_version=&#8221;4.0.4&#8243; background_color=&#8221;#efe9e4&#8243; background_color_gradient_direction=&#8221;0deg&#8221; custom_padding=&#8221;0px||0px|&#8221; hover_enabled=&#8221;0&#8243;][et_pb_row column_structure=&#8221;1_2,1_2&#8243; use_custom_gutter=&#8221;on&#8221; gutter_width=&#8221;0&#8243; make_equal=&#8221;on&#8221; admin_label=&#8221;What does himmeli mean&#8221; module_class=&#8221; et_pb_row_fullwidth&#8221; _builder_version=&#8221;4.0.4&#8243; background_color=&#8221;#1e1d1c&#8221; width=&#8221;100%&#8221; width_tablet=&#8221;100%&#8221; width_phone=&#8221;&#8221; width_last_edited=&#8221;on|desktop&#8221; max_width=&#8221;100%&#8221; max_width_tablet=&#8221;100%&#8221; max_width_phone=&#8221;&#8221; max_width_last_edited=&#8221;on|desktop&#8221; custom_padding=&#8221;0px||0px|&#8221; make_fullwidth=&#8221;on&#8221;][et_pb_column type=&#8221;1_2&#8243; _builder_version=&#8221;3.25&#8243; custom_padding=&#8221;5%|5%|5%|5%&#8221; custom_padding__hover=&#8221;|||&#8221;][et_pb_text admin_label=&#8221;Title&#8221; _builder_version=&#8221;4.0.4&#8243; text_font=&#8221;||||||||&#8221; header_font=&#8221;||||||||&#8221; header_2_font=&#8221;Poppins|600|||||||&#8221; header_2_font_size=&#8221;36px&#8221; header_2_line_height=&#8221;1.2em&#8221; background_layout=&#8221;dark&#8221; max_width=&#8221;750px&#8221; animation_direction=&#8221;left&#8221;]<\/p>\n<h2>Mit\u00e4 himmeli tarkoittaa?<\/h2>\n<p>[\/et_pb_text][et_pb_divider divider_position=&#8221;center&#8221; divider_weight=&#8221;3px&#8221; _builder_version=&#8221;4.0.4&#8243; max_width=&#8221;50px&#8221;][\/et_pb_divider][et_pb_text _builder_version=&#8221;4.0.4&#8243; text_font=&#8221;Poppins||||||||&#8221; text_text_color=&#8221;rgba(255,255,255,0.7)&#8221; max_width=&#8221;750px&#8221; custom_margin=&#8221;25px|||&#8221; animation_direction=&#8221;left&#8221;]<\/p>\n<p>Nimi himmeli tulee ruotsalaisesta taivassanasta ja sit\u00e4 k\u00e4ytet\u00e4\u00e4n merkitsem\u00e4\u00e4n Pohjoismaissa suosittua ruokojoulukoristetta. Ruokoista valmistettuja kruunuja on kauniita katsoa, ja ne roikkuivat juhlap\u00f6yd\u00e4ss\u00e4 p\u00f6yd\u00e4n yli, ja vanhoina p\u00e4ivin\u00e4 uskottiin, ett\u00e4 mit\u00e4 suurempi kruunu, sit\u00e4 suurempi seuraavan vuoden sato.<\/p>\n<p>Nyt kaupoissa on my\u00f6s ilmakasveja, jotka sopivat hyvin himmelin kruunuihin ja joita k\u00e4ytet\u00e4\u00e4n ymp\u00e4ri vuoden huoneen koristeluina.<\/p>\n<p>[\/et_pb_text][\/et_pb_column][et_pb_column type=&#8221;1_2&#8243; _builder_version=&#8221;3.25&#8243; custom_padding=&#8221;|||&#8221; custom_padding__hover=&#8221;|||&#8221;][et_pb_gallery gallery_ids=&#8221;1179,1181,1177&#8243; fullwidth=&#8221;on&#8221; _builder_version=&#8221;4.0.4&#8243;][\/et_pb_gallery][\/et_pb_column][\/et_pb_row][\/et_pb_section]<\/p>\n","protected":false},"excerpt":{"rendered":"<p>Himmelin k\u00e4sity\u00f6 vuodesta 2013Is\u00e4ni johti minut tekem\u00e4\u00e4n ruoko kruunuja. T\u00e4yt\u00e4 vapaa-aika merkityksellisill\u00e4 hetkill\u00e4, tajuta ja nauttia asioista. T\u00e4m\u00e4 oli alku halua luoda jotain erityist\u00e4 ja jakaa se muille kiinnostuneille.Ensimm\u00e4inen himmeliTein ensimm\u00e4isen himmelin is\u00e4ni kanssa ja luultavasti olin 11-vuotias. Olen aina pit\u00e4nyt k\u00e4sity\u00f6n tekemisest\u00e4 ja muistan t\u00e4m\u00e4n hyv\u00e4n tunteen, kun valmisin toisen himmelin kruunun. Se ei [&hellip;]<\/p>\n","protected":false},"author":2,"featured_media":1249,"parent":0,"menu_order":0,"comment_status":"closed","ping_status":"open","template":"","meta":{"_et_pb_use_builder":"on","_et_pb_old_content":"<!-- wp:paragraph -->\r\n<p>This is an example page. It's different from a blog post because it will stay in one place and will show up in your site navigation (in most themes). Most people start with an About page that introduces them to potential site visitors. It might say something like this:<\/p>\r\n<!-- \/wp:paragraph -->\r\n\r\n<!-- wp:quote -->\r\n<blockquote class=\"wp-block-quote\"><p>Hi there! I'm a bike messenger by day, aspiring actor by night, and this is my website. I live in Los Angeles, have a great dog named Jack, and I like pi\u00f1a coladas. (And gettin' caught in the rain.)<\/p><\/blockquote>\r\n<!-- \/wp:quote -->\r\n\r\n<!-- wp:paragraph -->\r\n<p>...or something like this:<\/p>\r\n<!-- \/wp:paragraph -->\r\n\r\n<!-- wp:quote -->\r\n<blockquote class=\"wp-block-quote\"><p>The XYZ Doohickey Company was founded in 1971, and has been providing quality doohickeys to the public ever since. Located in Gotham City, XYZ employs over 2,000 people and does all kinds of awesome things for the Gotham community.<\/p><\/blockquote>\r\n<!-- \/wp:quote -->\r\n\r\n<!-- wp:paragraph -->\r\n<p>As a new WordPress user, you should go to <a href=\"https:\/\/himmeli.net\/wp-admin\/\">your dashboard<\/a> to delete this page and create new pages for your content. Have fun!<\/p>\r\n<!-- \/wp:paragraph -->","_et_gb_content_width":"","footnotes":""},"class_list":["post-2043","page","type-page","status-publish","has-post-thumbnail","hentry"],"aioseo_notices":[],"_links":{"self":[{"href":"https:\/\/himmeli.net\/fi\/wp-json\/wp\/v2\/pages\/2043","targetHints":{"allow":["GET"]}}],"collection":[{"href":"https:\/\/himmeli.net\/fi\/wp-json\/wp\/v2\/pages"}],"about":[{"href":"https:\/\/himmeli.net\/fi\/wp-json\/wp\/v2\/types\/page"}],"author":[{"embeddable":true,"href":"https:\/\/himmeli.net\/fi\/wp-json\/wp\/v2\/users\/2"}],"replies":[{"embeddable":true,"href":"https:\/\/himmeli.net\/fi\/wp-json\/wp\/v2\/comments?post=2043"}],"version-history":[{"count":6,"href":"https:\/\/himmeli.net\/fi\/wp-json\/wp\/v2\/pages\/2043\/revisions"}],"predecessor-version":[{"id":3171,"href":"https:\/\/himmeli.net\/fi\/wp-json\/wp\/v2\/pages\/2043\/revisions\/3171"}],"wp:featuredmedia":[{"embeddable":true,"href":"https:\/\/himmeli.net\/fi\/wp-json\/wp\/v2\/media\/1249"}],"wp:attachment":[{"href":"https:\/\/himmeli.net\/fi\/wp-json\/wp\/v2\/media?parent=2043"}],"curies":[{"name":"wp","href":"https:\/\/api.w.org\/{rel}","templated":true}]}}