{"id":2097,"date":"2019-10-31T21:37:21","date_gmt":"2019-10-31T21:37:21","guid":{"rendered":"https:\/\/himmeli.net\/terms-of-service-returns\/"},"modified":"2019-11-22T00:31:59","modified_gmt":"2019-11-21T22:31:59","slug":"palvelun-ehdot-ja-palautukset","status":"publish","type":"page","link":"https:\/\/himmeli.net\/fi\/palvelun-ehdot-ja-palautukset\/","title":{"rendered":"Palvelun ehdot ja palautukset"},"content":{"rendered":"<p>[et_pb_section fb_built=&#8221;1&#8243; fullwidth=&#8221;on&#8221; _builder_version=&#8221;4.0.4&#8243;][et_pb_fullwidth_header title=&#8221;Palvelun ehdot ja palautukset&#8221; _builder_version=&#8221;4.0.4&#8243; title_font_size=&#8221;60px&#8221; subhead_text_align=&#8221;left&#8221; subhead_text_color=&#8221;#ffffff&#8221; background_color=&#8221;rgba(0,0,0,0)&#8221; use_background_color_gradient=&#8221;on&#8221; background_color_gradient_start=&#8221;#000000&#8243; background_color_gradient_end=&#8221;rgba(0,0,0,0.24)&#8221; background_color_gradient_direction=&#8221;120deg&#8221; background_color_gradient_overlays_image=&#8221;on&#8221; background_image=&#8221;https:\/\/himmeli.net\/wp-content\/uploads\/2019\/11\/himmeli-kit-family-1920&#215;1200.jpg&#8221; title_font_size_tablet=&#8221;&#8221; title_font_size_phone=&#8221;40px&#8221; title_font_size_last_edited=&#8221;on|phone&#8221; subhead_font_size_tablet=&#8221;&#8221; subhead_font_size_phone=&#8221;15px&#8221; subhead_font_size_last_edited=&#8221;on|desktop&#8221;][\/et_pb_fullwidth_header][\/et_pb_section][et_pb_section fb_built=&#8221;1&#8243; _builder_version=&#8221;4.0.4&#8243;][et_pb_row _builder_version=&#8221;4.0.4&#8243;][et_pb_column type=&#8221;4_4&#8243; _builder_version=&#8221;4.0.4&#8243;][et_pb_text _builder_version=&#8221;4.0.4&#8243; hover_enabled=&#8221;0&#8243;]<\/p>\n<p><strong>K\u00c4YTT\u00d6EHDOT<\/strong><\/p>\n<p><strong>Myyntiehtojen voimassaolo kuluttajille (yksitt\u00e4inen ostaja)<\/strong><br \/>Myyntiehdot koskevat tavaroiden ostamista yksityisen ostajan (j\u00e4ljemp\u00e4n\u00e4 kuluttaja) ja yrityksen Viiskanda O\u00dc (j\u00e4ljemp\u00e4n\u00e4 verkkokauppa) v\u00e4lill\u00e4 himmeli.net.<\/p>\n<p>Himmeli.net: n henkil\u00f6tietojen rekisterinpit\u00e4j\u00e4 on Viiskanda O\u00dc (rekisterinumero 11501136), joka sijaitsee Muru-tilalla, Ohtu kyl\u00e4ss\u00e4, L\u00e4nsi-Harjumaa, Viro, puhelin +372 514 1416 ja s\u00e4hk\u00f6posti: urmasveersalu@gmail.com.<\/p>\n<p>Viiskanda O\u00dc on himmeli.net-henkil\u00f6tietojen hallitsija, maksujen suorittamiseen tarvittavat henkil\u00f6tiedot toimitetaan valtuutetulle prosessorille Maksekeskus AS.<\/p>\n<p><strong>Hinnatiedot<\/strong><br \/>Verkkokaupan kaikki hinnat ovat euroissa eiv\u00e4tk\u00e4 sis\u00e4ll\u00e4 arvonlis\u00e4veroa, yritys ei ole arvonlis\u00e4verovelvollinen.<br \/>Tuotteen \/ tuotteiden toimituksesta ei veloiteta.<br \/>Hinnat ovat voimassa tilauksen tekemisest\u00e4 tilauksen maksuaikaan asti, yleens\u00e4 24 tuntia.<br \/>Verkkokauppa pid\u00e4tt\u00e4\u00e4 oikeuden muuttaa myyntihintoja. N\u00e4m\u00e4 muutokset n\u00e4kyv\u00e4t verkkosivuilla himmeli.net.<\/p>\n<p><strong>Tilauksen tekeminen<\/strong><br \/>Lis\u00e4\u00e4 haluamasi tuotteet ostoskoriin.<br \/>Sinulla on kaksi vaihetta tilauksen suorittamiseksi: ostoskori ja kassalle. Tarkista ostovaiheessa tuotteet ja hinnat ja paina Seuraava. T\u00e4yt\u00e4 kassavaiheessa vaadittavat kent\u00e4t, valitse oikea toimitustapa ja maksutapa ja paina &#8221;Maksa&#8221;.<br \/>Maksu tapahtuu euroissa, ja se voidaan suorittaa pankkilinkill\u00e4 (SEB, Swedbank, LHV, Luminor jne.).<br \/>T\u00e4yt\u00e4 Checkout-sivun kent\u00e4t huolellisesti, koska annettujen tietojen paikkansapit\u00e4vyys ja oikeellisuus riippuvat ostamasi tuotteiden nopeasta ja sujuvasta toimituksesta sek\u00e4 riitojen ja vaatimusten ratkaisemisesta my\u00f6hemmin.<\/p>\n<p><strong>Kauppasopimuksen voimaantulo<\/strong><br \/>Myyntisopimuksen nojalla verkkokauppa sitoutuu luovuttamaan kuluttajalle olemassa olevan tai valmistetun tavaran ja mahdollistamaan omistusoikeuden siirtymisen kuluttajalle, mutta kuluttaja sitoutuu maksamaan verkkokaupalle tavaranlaskussa ilmoitetun m\u00e4\u00e4r\u00e4n ja hyv\u00e4ksym\u00e4\u00e4n tavarat.<br \/>Maksamattomat tilaukset peruutetaan 24 tunnin kuluttua tilauksen tekemisest\u00e4.<br \/>Myyntisopimus tulee voimaan, kun kuluttajan suorittama maksu on hyvitetty verkkokaupan pankkitilille.<\/p>\n<p><strong>L\u00e4hetys<\/strong><br \/>Myyntisopimuksen voimaantulon j\u00e4lkeen verkkokauppa t\u00e4ytt\u00e4\u00e4 tilauksen ja tuotteet l\u00e4hetet\u00e4\u00e4n pakkauskoneisiin (Omniva, DPD ja Itella SmartPOST) tai Omniva maksikirjeen\u00e4. Tavarat saapuvat 3 ty\u00f6p\u00e4iv\u00e4n sis\u00e4ll\u00e4.<br \/>Verkkokaupan verkkosivustolla n\u00e4kyv\u00e4t toimitusehdot ovat voimassa tilauksen vastaanottamisesta verkkokaupan pankkitilille.<br \/>Nopeaa toimitusta varten on oltava varovainen ja annettava oikeat ja todenmukaiset tiedot sy\u00f6tett\u00e4ess\u00e4 tilaustietoja tilauksen yhteydess\u00e4.<br \/>Verkkokauppa ei ole vastuussa tavaroiden toimituksen viiv\u00e4styksest\u00e4, jos tavarat on toimitettu logistiikkakumppaneille ajoissa, mutta toimitusviive johtuu olosuhteista, joita verkkokauppa ei voi hallita ja ennakoida.<\/p>\n<p><strong>TAVAROIDEN PALAUTTAMINEN<\/strong><\/p>\n<p><strong>Kuinka palauttaa tavarat<\/strong><br \/>Palautukset on teht\u00e4v\u00e4 viimeist\u00e4\u00e4n 14 p\u00e4iv\u00e4n kuluessa vastaanottamisesta ja ne on l\u00e4hetett\u00e4v\u00e4 osoitteeseen urmasveersalu@gmail.com.<br \/>Kuluttajan on palautettava tavarat 14 p\u00e4iv\u00e4n kuluessa hakemuksen j\u00e4tt\u00e4misest\u00e4 tai toimitettava todiste siit\u00e4, ett\u00e4 h\u00e4n on luovuttanut tavarat logistiikkayritykselle t\u00e4ss\u00e4 m\u00e4\u00e4r\u00e4ajassa.<\/p>\n<p><strong>Ostosumman palautus<\/strong><br \/>Himmeli.net palauttaa kuluttajalle v\u00e4litt\u00f6m\u00e4sti sopimuksen perusteella kaikki maksut, viimeist\u00e4\u00e4n 14 p\u00e4iv\u00e4n kuluessa peruuttamishakemuksen vastaanottamisesta.<br \/>Tavaroiden palauttamisesta aiheutuvat kustannukset vastaa ostaja, paitsi jos palautuksen syyn\u00e4 on, ett\u00e4 palautettava tuote ei vastaa tilausta (esim. v\u00e4\u00e4r\u00e4 tai viallinen esine).<\/p>\n<p><strong>T\u00e4ll\u00f6in palautusoikeutta ei sovelleta<\/strong><br \/>Vain jos h\u00e4n on k\u00e4ytt\u00e4nyt tuotetta jollain muulla tavalla kuin mit\u00e4 on tarpeen tuotteen luonteen, ominaisuuksien ja toiminnan selvitt\u00e4miseksi. Tuotteen luonteen, ominaisuuksien ja toiminnan selvitt\u00e4miseksi kuluttajan tulee k\u00e4sitell\u00e4 ja k\u00e4ytt\u00e4\u00e4 tavaroita vain kaupassa sallitulla tavalla.<br \/>Jos tavaroita on k\u00e4ytetty muihin tarkoituksiin kuin tarpeisiin, jotka ovat tarpeen tavaroiden luonteen, ominaisuuksien ja toiminnan selvitt\u00e4miseksi, tai jos niiss\u00e4 on merkkej\u00e4 k\u00e4yt\u00f6st\u00e4 tai kulumisesta, verkkokaupalla on oikeus alentaa palautettavaa summaa suhteessa tavaroiden arvo.<\/p>\n<p>[\/et_pb_text][\/et_pb_column][\/et_pb_row][\/et_pb_section]<\/p>\n","protected":false},"excerpt":{"rendered":"<p>K\u00c4YTT\u00d6EHDOT Myyntiehtojen voimassaolo kuluttajille (yksitt\u00e4inen ostaja)Myyntiehdot koskevat tavaroiden ostamista yksityisen ostajan (j\u00e4ljemp\u00e4n\u00e4 kuluttaja) ja yrityksen Viiskanda O\u00dc (j\u00e4ljemp\u00e4n\u00e4 verkkokauppa) v\u00e4lill\u00e4 himmeli.net. Himmeli.net: n henkil\u00f6tietojen rekisterinpit\u00e4j\u00e4 on Viiskanda O\u00dc (rekisterinumero 11501136), joka sijaitsee Muru-tilalla, Ohtu kyl\u00e4ss\u00e4, L\u00e4nsi-Harjumaa, Viro, puhelin +372 514 1416 ja s\u00e4hk\u00f6posti: urmasveersalu@gmail.com. Viiskanda O\u00dc on himmeli.net-henkil\u00f6tietojen hallitsija, maksujen suorittamiseen tarvittavat henkil\u00f6tiedot toimitetaan valtuutetulle [&hellip;]<\/p>\n","protected":false},"author":2,"featured_media":0,"parent":0,"menu_order":0,"comment_status":"closed","ping_status":"closed","template":"","meta":{"_et_pb_use_builder":"on","_et_pb_old_content":"","_et_gb_content_width":"","footnotes":""},"class_list":["post-2097","page","type-page","status-publish","hentry"],"aioseo_notices":[],"_links":{"self":[{"href":"https:\/\/himmeli.net\/fi\/wp-json\/wp\/v2\/pages\/2097","targetHints":{"allow":["GET"]}}],"collection":[{"href":"https:\/\/himmeli.net\/fi\/wp-json\/wp\/v2\/pages"}],"about":[{"href":"https:\/\/himmeli.net\/fi\/wp-json\/wp\/v2\/types\/page"}],"author":[{"embeddable":true,"href":"https:\/\/himmeli.net\/fi\/wp-json\/wp\/v2\/users\/2"}],"replies":[{"embeddable":true,"href":"https:\/\/himmeli.net\/fi\/wp-json\/wp\/v2\/comments?post=2097"}],"version-history":[{"count":4,"href":"https:\/\/himmeli.net\/fi\/wp-json\/wp\/v2\/pages\/2097\/revisions"}],"predecessor-version":[{"id":2103,"href":"https:\/\/himmeli.net\/fi\/wp-json\/wp\/v2\/pages\/2097\/revisions\/2103"}],"wp:attachment":[{"href":"https:\/\/himmeli.net\/fi\/wp-json\/wp\/v2\/media?parent=2097"}],"curies":[{"name":"wp","href":"https:\/\/api.w.org\/{rel}","templated":true}]}}