{"id":2125,"date":"2019-11-10T20:51:25","date_gmt":"2019-11-10T18:51:25","guid":{"rendered":"https:\/\/himmeli.net\/shop\/diy-himmeli-kit-aurinko-tai-kuu\/"},"modified":"2022-10-17T10:04:33","modified_gmt":"2022-10-17T08:04:33","slug":"diy-himmeli-kit-aurinko-tai-kuu","status":"publish","type":"product","link":"https:\/\/himmeli.net\/fi\/kauppa\/diy-himmeli-kit-aurinko-tai-kuu\/","title":{"rendered":"DIY himmeli kit \u201cAurinko tai Kuu\u201d"},"content":{"rendered":"","protected":false},"excerpt":{"rendered":"<p>Himmeleiden (geometristen koristeiden) valmistaminen useiden It\u00e4meren alueen kansojen ikivanha perinne. Himmelin uskottiin tuovan onnea, erityisesti sato-onnea ja hedelm\u00e4llisyytt\u00e4, sen t\u00e4hden niit\u00e4 on valmistettu jouluksi, p\u00e4\u00e4si\u00e4iseksi, h\u00e4ihin ja muihin juhliin.<\/p>\n<p>\u201dAurinko tai Kuu\u201d laatiko koostuu 100 ruokopillist\u00e4 ja sinun on valittava kahdesta vaihtoehdosta &#8211; tehd\u00e4 pallon muotoinen Kuu (90 kpl, hieman vaikeampi) tai ikosaedrinpohjainen aurinko (90 kpl, helpompi). Materiaaleja on noin 10% enemm\u00e4n kuin tarvitset ohjeissa esitettyjen muotojen tekemiseen.<br \/>\nKuun ja auringon halkaisija on sama &#8211; 34,3 cm.<\/p>\n<p>Pakkaus koostuu:<br \/>\n&#8211; 100 ruokopilli\u00e4<br \/>\n&#8211; pellavalanka<br \/>\n&#8211; kuparilankakoukku<br \/>\n&#8211; k\u00e4ytt\u00f6ohje (englanniksi, suomeksi ja viroksi)<\/p>\n<p>T\u00e4m\u00e4n paketin ruokopillit ovat j\u00e4rviruokosta (Phragmites australis), joka on kasvanut Viron l\u00e4nsirannikolla ja ker\u00e4tty ruokokattojen rakentajille. T\u00e4ss\u00e4 laatikossa oleva ruoko on huolellisesti valittu, leikattu, puhdistettu ja laijteltu pieness\u00e4 perheyrityksess\u00e4.<\/p>\n<p>Lis\u00e4informaatio:<br \/>\nPaino 0,180 kg<br \/>\nMitat 22 \u00d7 13 \u00d7 2,8 cm<\/p>\n<p>Toimitus: 3-4 p\u00e4iv\u00e4\u00e4<br \/>\nIlmainen toimitus!<\/p>\n","protected":false},"featured_media":1227,"comment_status":"closed","ping_status":"closed","template":"","meta":{"_et_pb_use_builder":"","_et_pb_old_content":"","_et_gb_content_width":""},"product_brand":[],"product_cat":[51],"product_tag":[],"class_list":{"0":"post-2125","1":"product","2":"type-product","3":"status-publish","4":"has-post-thumbnail","6":"product_cat-himmeli","8":"first","9":"instock","10":"shipping-taxable","11":"purchasable","12":"product-type-simple"},"aioseo_notices":[],"_links":{"self":[{"href":"https:\/\/himmeli.net\/fi\/wp-json\/wp\/v2\/product\/2125","targetHints":{"allow":["GET"]}}],"collection":[{"href":"https:\/\/himmeli.net\/fi\/wp-json\/wp\/v2\/product"}],"about":[{"href":"https:\/\/himmeli.net\/fi\/wp-json\/wp\/v2\/types\/product"}],"replies":[{"embeddable":true,"href":"https:\/\/himmeli.net\/fi\/wp-json\/wp\/v2\/comments?post=2125"}],"wp:featuredmedia":[{"embeddable":true,"href":"https:\/\/himmeli.net\/fi\/wp-json\/wp\/v2\/media\/1227"}],"wp:attachment":[{"href":"https:\/\/himmeli.net\/fi\/wp-json\/wp\/v2\/media?parent=2125"}],"wp:term":[{"taxonomy":"product_brand","embeddable":true,"href":"https:\/\/himmeli.net\/fi\/wp-json\/wp\/v2\/product_brand?post=2125"},{"taxonomy":"product_cat","embeddable":true,"href":"https:\/\/himmeli.net\/fi\/wp-json\/wp\/v2\/product_cat?post=2125"},{"taxonomy":"product_tag","embeddable":true,"href":"https:\/\/himmeli.net\/fi\/wp-json\/wp\/v2\/product_tag?post=2125"}],"curies":[{"name":"wp","href":"https:\/\/api.w.org\/{rel}","templated":true}]}}